{"id":216,"date":"2024-04-02T08:15:38","date_gmt":"2024-04-02T08:15:38","guid":{"rendered":"https:\/\/www.tosf.be\/vip\/"},"modified":"2024-07-04T18:41:49","modified_gmt":"2024-07-04T18:41:49","slug":"vip","status":"publish","type":"page","link":"https:\/\/www.tosf.be\/fr\/vip\/","title":{"rendered":"VIP"},"content":{"rendered":"\n<div class=\"wp-block-columns is-layout-flex wp-container-core-columns-is-layout-9d6595d7 wp-block-columns-is-layout-flex\">\n<div class=\"wp-block-column is-layout-flow wp-block-column-is-layout-flow\" style=\"flex-basis:25%\"><\/div>\n\n\n\n<div class=\"wp-block-column is-layout-flow wp-block-column-is-layout-flow\">\n<h2 class=\"wp-block-heading has-text-align-center\">Nous vous invitons \u00e0 passer un moment agr\u00e9able dans l&rsquo;espace VIP du Temploux Open Sky Festival \u00ab\u00a0TOSF\u00a0\u00bb. Vous pourrez accueillir vos partenaires et amis dans un lieu chaleureux et spacieux dont la terrasse donne sur la sc\u00e8ne Sand Mad, sc\u00e8ne principale du Festival en plein air.<\/h2>\n<\/div>\n\n\n\n<div class=\"wp-block-column is-layout-flow wp-block-column-is-layout-flow\" style=\"flex-basis:25%\"><\/div>\n<\/div>\n\n<div style=\"height:66px\" aria-hidden=\"true\" class=\"wp-block-spacer\"><\/div>\n\n<p>Un billet d&rsquo;entr\u00e9e pour la journ\u00e9e enti\u00e8re de votre choix ;<\/p>\n\n<p>&#8211; Une vue imprenable sur la sc\u00e8ne principale depuis la terrasse et un acc\u00e8s direct \u00e0 la plaine ;<\/p>\n\n<p>&#8211; Acc\u00e8s permanent \u00e0 l&rsquo;espace couvert et confortable de notre salon VIP ;<\/p>\n\n<p>&#8211; Un paquet de jetons de 100 \u20ac dans les bars ;<\/p>\n\n<p>&#8211; Acc\u00e8s permanent au bar VIP proposant des vins, des bi\u00e8res, des boissons non alcoolis\u00e9es mais aussi des cocktails et du champagne.<\/p>\n\n<p>&#8211; Une place de parking VIP<\/p>\n\n<p>&#8211; OPTIONNEL : sur demande et moyennant un petit suppl\u00e9ment, un espace priv\u00e9 peut \u00eatre am\u00e9nag\u00e9 pour vous dans un espace r\u00e9serv\u00e9 \u00e0 votre entreprise. Ce forfait suppl\u00e9mentaire comprend une coupe de champagne servie dans votre zone et la possibilit\u00e9 de personnaliser la table. Votre espace restera r\u00e9serv\u00e9 tout au long de la journ\u00e9e\/soir\u00e9e.<\/p>\n\n<div style=\"height:29px\" aria-hidden=\"true\" class=\"wp-block-spacer\"><\/div>\n\n<p>Voulez-vous acheter vos billets VIP ? Rendez-vous \u00e0 la billetterie ou remplissez le formulaire et envoyez un e-mail \u00e0 <a href=\"mailto:info@jevents.be\">info@jevents.be<\/a>.<\/p>\n","protected":false},"excerpt":{"rendered":"Nous vous invitons \u00e0 passer un moment agr\u00e9able dans l&rsquo;espace VIP du Temploux Open Sky Festival \u00ab\u00a0TOSF\u00a0\u00bb. Vous pourrez accueillir vos partenaires et amis dans un lieu chaleureux et spacieux dont la terrasse donne sur la sc\u00e8ne Sand Mad, sc\u00e8ne principale du Festival en plein air. Un billet d&rsquo;entr\u00e9e pour la journ\u00e9e enti\u00e8re de votre&#8230; <a class=\"view-article\" href=\"https:\/\/www.tosf.be\/fr\/vip\/\">Voir l&rsquo;article<\/a>","protected":false},"author":1,"featured_media":0,"parent":0,"menu_order":0,"comment_status":"closed","ping_status":"closed","template":"","meta":{"_acf_changed":false,"footnotes":""},"class_list":["post-216","page","type-page","status-publish","hentry"],"acf":[],"yoast_head":"<!-- This site is optimized with the Yoast SEO Premium plugin v22.3 (Yoast SEO v22.3) - https:\/\/yoast.com\/wordpress\/plugins\/seo\/ -->\n<title>VIP - Temploux Open Sky Festival - 17 AUGUST 2024<\/title>\n<meta name=\"robots\" content=\"index, follow, max-snippet:-1, max-image-preview:large, max-video-preview:-1\" \/>\n<link rel=\"canonical\" href=\"https:\/\/www.tosf.be\/fr\/vip\/\" \/>\n<meta property=\"og:locale\" content=\"fr_FR\" \/>\n<meta property=\"og:type\" content=\"article\" \/>\n<meta property=\"og:title\" content=\"VIP\" \/>\n<meta property=\"og:description\" content=\"Nous vous invitons \u00e0 passer un moment agr\u00e9able dans l&rsquo;espace VIP du Temploux Open Sky Festival \u00ab\u00a0TOSF\u00a0\u00bb. Vous pourrez accueillir vos partenaires et amis dans un lieu chaleureux et spacieux dont la terrasse donne sur la sc\u00e8ne Sand Mad, sc\u00e8ne principale du Festival en plein air. Un billet d&rsquo;entr\u00e9e pour la journ\u00e9e enti\u00e8re de votre... Voir l&#039;article\" \/>\n<meta property=\"og:url\" content=\"https:\/\/www.tosf.be\/fr\/vip\/\" \/>\n<meta property=\"og:site_name\" content=\"Temploux Open Sky Festival - 17 AUGUST 2024\" \/>\n<meta property=\"article:publisher\" content=\"https:\/\/www.facebook.com\/TemplouxOpenSkyFestival\/\" \/>\n<meta property=\"article:modified_time\" content=\"2024-07-04T18:41:49+00:00\" \/>\n<meta name=\"twitter:card\" content=\"summary_large_image\" \/>\n<meta name=\"twitter:label1\" content=\"Dur\u00e9e de lecture estim\u00e9e\" \/>\n\t<meta name=\"twitter:data1\" content=\"1 minute\" \/>\n<script type=\"application\/ld+json\" class=\"yoast-schema-graph\">{\"@context\":\"https:\/\/schema.org\",\"@graph\":[{\"@type\":\"WebPage\",\"@id\":\"https:\/\/www.tosf.be\/fr\/vip\/\",\"url\":\"https:\/\/www.tosf.be\/fr\/vip\/\",\"name\":\"VIP - Temploux Open Sky Festival - 17 AUGUST 2024\",\"isPartOf\":{\"@id\":\"https:\/\/www.tosf.be\/fr\/#website\"},\"datePublished\":\"2024-04-02T08:15:38+00:00\",\"dateModified\":\"2024-07-04T18:41:49+00:00\",\"breadcrumb\":{\"@id\":\"https:\/\/www.tosf.be\/fr\/vip\/#breadcrumb\"},\"inLanguage\":\"fr-FR\",\"potentialAction\":[{\"@type\":\"ReadAction\",\"target\":[\"https:\/\/www.tosf.be\/fr\/vip\/\"]}]},{\"@type\":\"BreadcrumbList\",\"@id\":\"https:\/\/www.tosf.be\/fr\/vip\/#breadcrumb\",\"itemListElement\":[{\"@type\":\"ListItem\",\"position\":1,\"name\":\"Accueil\",\"item\":\"https:\/\/www.tosf.be\/fr\/accueil\/\"},{\"@type\":\"ListItem\",\"position\":2,\"name\":\"VIP\"}]},{\"@type\":\"WebSite\",\"@id\":\"https:\/\/www.tosf.be\/fr\/#website\",\"url\":\"https:\/\/www.tosf.be\/fr\/\",\"name\":\"Temploux Open Sky Festival\",\"description\":\"Electro Pop Music Festival - Temploux Open Sky Festival\",\"publisher\":{\"@id\":\"https:\/\/www.tosf.be\/fr\/#organization\"},\"potentialAction\":[{\"@type\":\"SearchAction\",\"target\":{\"@type\":\"EntryPoint\",\"urlTemplate\":\"https:\/\/www.tosf.be\/fr\/?s={search_term_string}\"},\"query-input\":\"required name=search_term_string\"}],\"inLanguage\":\"fr-FR\"},{\"@type\":\"Organization\",\"@id\":\"https:\/\/www.tosf.be\/fr\/#organization\",\"name\":\"jevents\",\"url\":\"https:\/\/www.tosf.be\/fr\/\",\"logo\":{\"@type\":\"ImageObject\",\"inLanguage\":\"fr-FR\",\"@id\":\"https:\/\/www.tosf.be\/fr\/#\/schema\/logo\/image\/\",\"url\":\"https:\/\/www.tosf.be\/wp-content\/uploads\/2024\/04\/favicon.png\",\"contentUrl\":\"https:\/\/www.tosf.be\/wp-content\/uploads\/2024\/04\/favicon.png\",\"width\":512,\"height\":512,\"caption\":\"jevents\"},\"image\":{\"@id\":\"https:\/\/www.tosf.be\/fr\/#\/schema\/logo\/image\/\"},\"sameAs\":[\"https:\/\/www.facebook.com\/TemplouxOpenSkyFestival\/\",\"https:\/\/www.instagram.com\/templouxopenskyfestival\/\"]}]}<\/script>\n<!-- \/ Yoast SEO Premium plugin. -->","yoast_head_json":{"title":"VIP - Temploux Open Sky Festival - 17 AUGUST 2024","robots":{"index":"index","follow":"follow","max-snippet":"max-snippet:-1","max-image-preview":"max-image-preview:large","max-video-preview":"max-video-preview:-1"},"canonical":"https:\/\/www.tosf.be\/fr\/vip\/","og_locale":"fr_FR","og_type":"article","og_title":"VIP","og_description":"Nous vous invitons \u00e0 passer un moment agr\u00e9able dans l&rsquo;espace VIP du Temploux Open Sky Festival \u00ab\u00a0TOSF\u00a0\u00bb. Vous pourrez accueillir vos partenaires et amis dans un lieu chaleureux et spacieux dont la terrasse donne sur la sc\u00e8ne Sand Mad, sc\u00e8ne principale du Festival en plein air. Un billet d&rsquo;entr\u00e9e pour la journ\u00e9e enti\u00e8re de votre... Voir l'article","og_url":"https:\/\/www.tosf.be\/fr\/vip\/","og_site_name":"Temploux Open Sky Festival - 17 AUGUST 2024","article_publisher":"https:\/\/www.facebook.com\/TemplouxOpenSkyFestival\/","article_modified_time":"2024-07-04T18:41:49+00:00","twitter_card":"summary_large_image","twitter_misc":{"Dur\u00e9e de lecture estim\u00e9e":"1 minute"},"schema":{"@context":"https:\/\/schema.org","@graph":[{"@type":"WebPage","@id":"https:\/\/www.tosf.be\/fr\/vip\/","url":"https:\/\/www.tosf.be\/fr\/vip\/","name":"VIP - Temploux Open Sky Festival - 17 AUGUST 2024","isPartOf":{"@id":"https:\/\/www.tosf.be\/fr\/#website"},"datePublished":"2024-04-02T08:15:38+00:00","dateModified":"2024-07-04T18:41:49+00:00","breadcrumb":{"@id":"https:\/\/www.tosf.be\/fr\/vip\/#breadcrumb"},"inLanguage":"fr-FR","potentialAction":[{"@type":"ReadAction","target":["https:\/\/www.tosf.be\/fr\/vip\/"]}]},{"@type":"BreadcrumbList","@id":"https:\/\/www.tosf.be\/fr\/vip\/#breadcrumb","itemListElement":[{"@type":"ListItem","position":1,"name":"Accueil","item":"https:\/\/www.tosf.be\/fr\/accueil\/"},{"@type":"ListItem","position":2,"name":"VIP"}]},{"@type":"WebSite","@id":"https:\/\/www.tosf.be\/fr\/#website","url":"https:\/\/www.tosf.be\/fr\/","name":"Temploux Open Sky Festival","description":"Electro Pop Music Festival - Temploux Open Sky Festival","publisher":{"@id":"https:\/\/www.tosf.be\/fr\/#organization"},"potentialAction":[{"@type":"SearchAction","target":{"@type":"EntryPoint","urlTemplate":"https:\/\/www.tosf.be\/fr\/?s={search_term_string}"},"query-input":"required name=search_term_string"}],"inLanguage":"fr-FR"},{"@type":"Organization","@id":"https:\/\/www.tosf.be\/fr\/#organization","name":"jevents","url":"https:\/\/www.tosf.be\/fr\/","logo":{"@type":"ImageObject","inLanguage":"fr-FR","@id":"https:\/\/www.tosf.be\/fr\/#\/schema\/logo\/image\/","url":"https:\/\/www.tosf.be\/wp-content\/uploads\/2024\/04\/favicon.png","contentUrl":"https:\/\/www.tosf.be\/wp-content\/uploads\/2024\/04\/favicon.png","width":512,"height":512,"caption":"jevents"},"image":{"@id":"https:\/\/www.tosf.be\/fr\/#\/schema\/logo\/image\/"},"sameAs":["https:\/\/www.facebook.com\/TemplouxOpenSkyFestival\/","https:\/\/www.instagram.com\/templouxopenskyfestival\/"]}]}},"_links":{"self":[{"href":"https:\/\/www.tosf.be\/fr\/wp-json\/wp\/v2\/pages\/216","targetHints":{"allow":["GET"]}}],"collection":[{"href":"https:\/\/www.tosf.be\/fr\/wp-json\/wp\/v2\/pages"}],"about":[{"href":"https:\/\/www.tosf.be\/fr\/wp-json\/wp\/v2\/types\/page"}],"author":[{"embeddable":true,"href":"https:\/\/www.tosf.be\/fr\/wp-json\/wp\/v2\/users\/1"}],"replies":[{"embeddable":true,"href":"https:\/\/www.tosf.be\/fr\/wp-json\/wp\/v2\/comments?post=216"}],"version-history":[{"count":0,"href":"https:\/\/www.tosf.be\/fr\/wp-json\/wp\/v2\/pages\/216\/revisions"}],"wp:attachment":[{"href":"https:\/\/www.tosf.be\/fr\/wp-json\/wp\/v2\/media?parent=216"}],"curies":[{"name":"wp","href":"https:\/\/api.w.org\/{rel}","templated":true}]}}