{"id":209,"date":"2024-03-22T13:04:22","date_gmt":"2024-03-22T13:04:22","guid":{"rendered":"https:\/\/www.tosf.be\/pratique\/"},"modified":"2024-07-04T18:46:42","modified_gmt":"2024-07-04T18:46:42","slug":"pratique","status":"publish","type":"page","link":"https:\/\/www.tosf.be\/fr\/pratique\/","title":{"rendered":"Pratique"},"content":{"rendered":"\n<div class=\"wp-block-columns is-layout-flex wp-container-core-columns-is-layout-9d6595d7 wp-block-columns-is-layout-flex\">\n<div class=\"wp-block-column is-layout-flow wp-block-column-is-layout-flow\" style=\"flex-basis:25%\"><\/div>\n\n\n\n<div class=\"wp-block-column is-layout-flow wp-block-column-is-layout-flow\" style=\"flex-basis:50%\">\n<h2 class=\"wp-block-heading has-text-align-center\" id=\"h-find-all-the-useful-information-about-the-festival-here-this-page-will-be-updated-frequently\">Retrouvez toutes les informations utiles sur le festival ici. Cette page sera mise \u00e0 jour r\u00e9guli\u00e8rement.<\/h2>\n<\/div>\n\n\n\n<div class=\"wp-block-column is-layout-flow wp-block-column-is-layout-flow\" style=\"flex-basis:25%\"><\/div>\n<\/div>\n\n<div style=\"height:50px\" aria-hidden=\"true\" class=\"wp-block-spacer\"><\/div>\n\n<h3 class=\"wp-block-heading\" id=\"h-opening-hours\">Heures d&rsquo;ouverture<\/h3>\n\n<p>Ouverture \u00e0 14 heures le 17\/8<\/p>\n\n<p>Cl\u00f4ture 02 Am 18\/8<\/p>\n\n<div style=\"height:50px\" aria-hidden=\"true\" class=\"wp-block-spacer\"><\/div>\n\n<h3 class=\"wp-block-heading\" id=\"h-access\">Acc\u00e8s :<\/h3>\n\n<p>Adresse : Domaine de l&rsquo;Escaille &#8211; Rue des Fosses 1 &#8211; 5020 Namur<\/p>\n\n<p>Train : Gare de Namur, puis Bus ligne 23B, arr\u00eat<\/p>\n\n<p>Pharmacie TEMPLOUX, puis \u00e0 pied sur 300m<\/p>\n\n<p>Comment s&rsquo;y rendre : Suivez la Chauss\u00e9e de Nivelles depuis le centre de Temploux jusqu&rsquo;\u00e0 \u00ab\u00a0Escaille\u00a0\u00bb.<\/p>\n\n<div style=\"height:50px\" aria-hidden=\"true\" class=\"wp-block-spacer\"><\/div>\n\n<h3 class=\"wp-block-heading\" id=\"h-what-on-site\">ce qu&rsquo;il y a sur place :<\/h3>\n\n<p>3 bars, espace food truck, atmosph\u00e8re d\u00e9tendue, aire de repos, VIP<\/p>\n\n<p>Verres r\u00e9utilisables. sur les verres. sur la caution, 0,50\u20ac est retenu pour l&rsquo;effort et la participation \u00e9cologique.<\/p>\n\n<div style=\"height:50px\" aria-hidden=\"true\" class=\"wp-block-spacer\"><\/div>\n\n<h3 class=\"wp-block-heading\" id=\"h-carpooling\">Covoiturage :<\/h3>\n\n<p><a href=\"https:\/\/covevent.be\/\">https:\/\/covevent.be\/<\/a><\/p>\n\n<div style=\"height:50px\" aria-hidden=\"true\" class=\"wp-block-spacer\"><\/div>\n\n<h3 class=\"wp-block-heading\" id=\"h-cashless-payment-system\">syst\u00e8me de paiement cahsless :<\/h3>\n\n<p>Nous travaillons avec la soci\u00e9t\u00e9 Comitty. recharge en ligne, sans argent liquide sur place<\/p>\n\n<div style=\"height:50px\" aria-hidden=\"true\" class=\"wp-block-spacer\"><\/div>\n\n<h3 class=\"wp-block-heading\" id=\"h-divers\">Plongeurs :<\/h3>\n\n<p>Toilettes payantes<\/p>\n\n<p>S\u00e9curit\u00e9 assur\u00e9e par HIGH SECURITY<\/p>\n","protected":false},"excerpt":{"rendered":"Retrouvez toutes les informations utiles sur le festival ici. Cette page sera mise \u00e0 jour r\u00e9guli\u00e8rement. Heures d&rsquo;ouverture Ouverture \u00e0 14 heures le 17\/8 Cl\u00f4ture 02 Am 18\/8 Acc\u00e8s : Adresse : Domaine de l&rsquo;Escaille &#8211; Rue des Fosses 1 &#8211; 5020 Namur Train : Gare de Namur, puis Bus ligne 23B, arr\u00eat Pharmacie TEMPLOUX,&#8230; <a class=\"view-article\" href=\"https:\/\/www.tosf.be\/fr\/pratique\/\">Voir l&rsquo;article<\/a>","protected":false},"author":1,"featured_media":0,"parent":0,"menu_order":0,"comment_status":"closed","ping_status":"closed","template":"","meta":{"_acf_changed":false,"footnotes":""},"class_list":["post-209","page","type-page","status-publish","hentry"],"acf":[],"yoast_head":"<!-- This site is optimized with the Yoast SEO Premium plugin v22.3 (Yoast SEO v22.3) - https:\/\/yoast.com\/wordpress\/plugins\/seo\/ -->\n<title>Pratique - Temploux Open Sky Festival - 17 AUGUST 2024<\/title>\n<meta name=\"robots\" content=\"index, follow, max-snippet:-1, max-image-preview:large, max-video-preview:-1\" \/>\n<link rel=\"canonical\" href=\"https:\/\/www.tosf.be\/fr\/pratique\/\" \/>\n<meta property=\"og:locale\" content=\"fr_FR\" \/>\n<meta property=\"og:type\" content=\"article\" \/>\n<meta property=\"og:title\" content=\"Pratique\" \/>\n<meta property=\"og:description\" content=\"Retrouvez toutes les informations utiles sur le festival ici. Cette page sera mise \u00e0 jour r\u00e9guli\u00e8rement. Heures d&rsquo;ouverture Ouverture \u00e0 14 heures le 17\/8 Cl\u00f4ture 02 Am 18\/8 Acc\u00e8s : Adresse : Domaine de l&rsquo;Escaille &#8211; Rue des Fosses 1 &#8211; 5020 Namur Train : Gare de Namur, puis Bus ligne 23B, arr\u00eat Pharmacie TEMPLOUX,... Voir l&#039;article\" \/>\n<meta property=\"og:url\" content=\"https:\/\/www.tosf.be\/fr\/pratique\/\" \/>\n<meta property=\"og:site_name\" content=\"Temploux Open Sky Festival - 17 AUGUST 2024\" \/>\n<meta property=\"article:publisher\" content=\"https:\/\/www.facebook.com\/TemplouxOpenSkyFestival\/\" \/>\n<meta property=\"article:modified_time\" content=\"2024-07-04T18:46:42+00:00\" \/>\n<meta name=\"twitter:card\" content=\"summary_large_image\" \/>\n<meta name=\"twitter:label1\" content=\"Dur\u00e9e de lecture estim\u00e9e\" \/>\n\t<meta name=\"twitter:data1\" content=\"1 minute\" \/>\n<script type=\"application\/ld+json\" class=\"yoast-schema-graph\">{\"@context\":\"https:\/\/schema.org\",\"@graph\":[{\"@type\":\"WebPage\",\"@id\":\"https:\/\/www.tosf.be\/fr\/pratique\/\",\"url\":\"https:\/\/www.tosf.be\/fr\/pratique\/\",\"name\":\"Pratique - Temploux Open Sky Festival - 17 AUGUST 2024\",\"isPartOf\":{\"@id\":\"https:\/\/www.tosf.be\/fr\/#website\"},\"datePublished\":\"2024-03-22T13:04:22+00:00\",\"dateModified\":\"2024-07-04T18:46:42+00:00\",\"breadcrumb\":{\"@id\":\"https:\/\/www.tosf.be\/fr\/pratique\/#breadcrumb\"},\"inLanguage\":\"fr-FR\",\"potentialAction\":[{\"@type\":\"ReadAction\",\"target\":[\"https:\/\/www.tosf.be\/fr\/pratique\/\"]}]},{\"@type\":\"BreadcrumbList\",\"@id\":\"https:\/\/www.tosf.be\/fr\/pratique\/#breadcrumb\",\"itemListElement\":[{\"@type\":\"ListItem\",\"position\":1,\"name\":\"Accueil\",\"item\":\"https:\/\/www.tosf.be\/fr\/accueil\/\"},{\"@type\":\"ListItem\",\"position\":2,\"name\":\"Pratique\"}]},{\"@type\":\"WebSite\",\"@id\":\"https:\/\/www.tosf.be\/fr\/#website\",\"url\":\"https:\/\/www.tosf.be\/fr\/\",\"name\":\"Temploux Open Sky Festival\",\"description\":\"Electro Pop Music Festival - Temploux Open Sky Festival\",\"publisher\":{\"@id\":\"https:\/\/www.tosf.be\/fr\/#organization\"},\"potentialAction\":[{\"@type\":\"SearchAction\",\"target\":{\"@type\":\"EntryPoint\",\"urlTemplate\":\"https:\/\/www.tosf.be\/fr\/?s={search_term_string}\"},\"query-input\":\"required name=search_term_string\"}],\"inLanguage\":\"fr-FR\"},{\"@type\":\"Organization\",\"@id\":\"https:\/\/www.tosf.be\/fr\/#organization\",\"name\":\"jevents\",\"url\":\"https:\/\/www.tosf.be\/fr\/\",\"logo\":{\"@type\":\"ImageObject\",\"inLanguage\":\"fr-FR\",\"@id\":\"https:\/\/www.tosf.be\/fr\/#\/schema\/logo\/image\/\",\"url\":\"https:\/\/www.tosf.be\/wp-content\/uploads\/2024\/04\/favicon.png\",\"contentUrl\":\"https:\/\/www.tosf.be\/wp-content\/uploads\/2024\/04\/favicon.png\",\"width\":512,\"height\":512,\"caption\":\"jevents\"},\"image\":{\"@id\":\"https:\/\/www.tosf.be\/fr\/#\/schema\/logo\/image\/\"},\"sameAs\":[\"https:\/\/www.facebook.com\/TemplouxOpenSkyFestival\/\",\"https:\/\/www.instagram.com\/templouxopenskyfestival\/\"]}]}<\/script>\n<!-- \/ Yoast SEO Premium plugin. -->","yoast_head_json":{"title":"Pratique - Temploux Open Sky Festival - 17 AUGUST 2024","robots":{"index":"index","follow":"follow","max-snippet":"max-snippet:-1","max-image-preview":"max-image-preview:large","max-video-preview":"max-video-preview:-1"},"canonical":"https:\/\/www.tosf.be\/fr\/pratique\/","og_locale":"fr_FR","og_type":"article","og_title":"Pratique","og_description":"Retrouvez toutes les informations utiles sur le festival ici. Cette page sera mise \u00e0 jour r\u00e9guli\u00e8rement. Heures d&rsquo;ouverture Ouverture \u00e0 14 heures le 17\/8 Cl\u00f4ture 02 Am 18\/8 Acc\u00e8s : Adresse : Domaine de l&rsquo;Escaille &#8211; Rue des Fosses 1 &#8211; 5020 Namur Train : Gare de Namur, puis Bus ligne 23B, arr\u00eat Pharmacie TEMPLOUX,... Voir l'article","og_url":"https:\/\/www.tosf.be\/fr\/pratique\/","og_site_name":"Temploux Open Sky Festival - 17 AUGUST 2024","article_publisher":"https:\/\/www.facebook.com\/TemplouxOpenSkyFestival\/","article_modified_time":"2024-07-04T18:46:42+00:00","twitter_card":"summary_large_image","twitter_misc":{"Dur\u00e9e de lecture estim\u00e9e":"1 minute"},"schema":{"@context":"https:\/\/schema.org","@graph":[{"@type":"WebPage","@id":"https:\/\/www.tosf.be\/fr\/pratique\/","url":"https:\/\/www.tosf.be\/fr\/pratique\/","name":"Pratique - Temploux Open Sky Festival - 17 AUGUST 2024","isPartOf":{"@id":"https:\/\/www.tosf.be\/fr\/#website"},"datePublished":"2024-03-22T13:04:22+00:00","dateModified":"2024-07-04T18:46:42+00:00","breadcrumb":{"@id":"https:\/\/www.tosf.be\/fr\/pratique\/#breadcrumb"},"inLanguage":"fr-FR","potentialAction":[{"@type":"ReadAction","target":["https:\/\/www.tosf.be\/fr\/pratique\/"]}]},{"@type":"BreadcrumbList","@id":"https:\/\/www.tosf.be\/fr\/pratique\/#breadcrumb","itemListElement":[{"@type":"ListItem","position":1,"name":"Accueil","item":"https:\/\/www.tosf.be\/fr\/accueil\/"},{"@type":"ListItem","position":2,"name":"Pratique"}]},{"@type":"WebSite","@id":"https:\/\/www.tosf.be\/fr\/#website","url":"https:\/\/www.tosf.be\/fr\/","name":"Temploux Open Sky Festival","description":"Electro Pop Music Festival - Temploux Open Sky Festival","publisher":{"@id":"https:\/\/www.tosf.be\/fr\/#organization"},"potentialAction":[{"@type":"SearchAction","target":{"@type":"EntryPoint","urlTemplate":"https:\/\/www.tosf.be\/fr\/?s={search_term_string}"},"query-input":"required name=search_term_string"}],"inLanguage":"fr-FR"},{"@type":"Organization","@id":"https:\/\/www.tosf.be\/fr\/#organization","name":"jevents","url":"https:\/\/www.tosf.be\/fr\/","logo":{"@type":"ImageObject","inLanguage":"fr-FR","@id":"https:\/\/www.tosf.be\/fr\/#\/schema\/logo\/image\/","url":"https:\/\/www.tosf.be\/wp-content\/uploads\/2024\/04\/favicon.png","contentUrl":"https:\/\/www.tosf.be\/wp-content\/uploads\/2024\/04\/favicon.png","width":512,"height":512,"caption":"jevents"},"image":{"@id":"https:\/\/www.tosf.be\/fr\/#\/schema\/logo\/image\/"},"sameAs":["https:\/\/www.facebook.com\/TemplouxOpenSkyFestival\/","https:\/\/www.instagram.com\/templouxopenskyfestival\/"]}]}},"_links":{"self":[{"href":"https:\/\/www.tosf.be\/fr\/wp-json\/wp\/v2\/pages\/209","targetHints":{"allow":["GET"]}}],"collection":[{"href":"https:\/\/www.tosf.be\/fr\/wp-json\/wp\/v2\/pages"}],"about":[{"href":"https:\/\/www.tosf.be\/fr\/wp-json\/wp\/v2\/types\/page"}],"author":[{"embeddable":true,"href":"https:\/\/www.tosf.be\/fr\/wp-json\/wp\/v2\/users\/1"}],"replies":[{"embeddable":true,"href":"https:\/\/www.tosf.be\/fr\/wp-json\/wp\/v2\/comments?post=209"}],"version-history":[{"count":0,"href":"https:\/\/www.tosf.be\/fr\/wp-json\/wp\/v2\/pages\/209\/revisions"}],"wp:attachment":[{"href":"https:\/\/www.tosf.be\/fr\/wp-json\/wp\/v2\/media?parent=209"}],"curies":[{"name":"wp","href":"https:\/\/api.w.org\/{rel}","templated":true}]}}